{"id":799,"date":"2026-01-07T00:03:24","date_gmt":"2026-01-07T00:03:24","guid":{"rendered":"https:\/\/dev.traduzca.studio.nous.biz\/?page_id=799"},"modified":"2026-02-12T14:32:05","modified_gmt":"2026-02-12T14:32:05","slug":"ciudadania-italiana","status":"publish","type":"page","link":"https:\/\/traduzca.com\/es\/ciudadania-italiana\/","title":{"rendered":"Cidadania Alem\u00e3"},"content":{"rendered":"<div data-elementor-type=\"wp-page\" data-elementor-id=\"799\" class=\"elementor elementor-799\" data-elementor-post-type=\"page\">\n\t\t\t\t<div class=\"elementor-element elementor-element-c45b0a7 e-flex e-con-boxed e-con e-parent\" data-id=\"c45b0a7\" data-element_type=\"container\" data-e-type=\"container\">\n\t\t\t\t\t<div class=\"e-con-inner\">\n\t\t<div class=\"elementor-element elementor-element-92777b9 e-con-full e-flex e-con e-child\" data-id=\"92777b9\" data-element_type=\"container\" data-e-type=\"container\">\n\t\t\t\t<div class=\"elementor-element elementor-element-29d6dc4 elementor-widget elementor-widget-heading\" data-id=\"29d6dc4\" data-element_type=\"widget\" data-e-type=\"widget\" data-widget_type=\"heading.default\">\n\t\t\t\t\t<h2 class=\"elementor-heading-title elementor-size-default translation-block\">Cidadania<span style=\"color: blue\"> Alem\u00e3<\/span><\/h2>\t\t\t\t<\/div>\n\t\t\t\t<\/div>\n\t\t<div class=\"elementor-element elementor-element-6fc6969 e-con-full e-grid e-con e-child\" data-id=\"6fc6969\" data-element_type=\"container\" data-e-type=\"container\">\n\t\t<div class=\"elementor-element elementor-element-6822ec6 e-con-full e-flex e-con e-child\" data-id=\"6822ec6\" data-element_type=\"container\" data-e-type=\"container\">\n\t\t\t\t<div class=\"elementor-element elementor-element-ed57bfd elementor-widget elementor-widget-image\" data-id=\"ed57bfd\" data-element_type=\"widget\" data-e-type=\"widget\" data-widget_type=\"image.default\">\n\t\t\t\t\t\t\t\t\t\t\t\t\t\t\t<img fetchpriority=\"high\" decoding=\"async\" width=\"800\" height=\"534\" src=\"https:\/\/traduzca.com\/wp-content\/uploads\/2026\/01\/carousel-04-1024x683.jpg\" class=\"attachment-large size-large wp-image-899\" alt=\"\" srcset=\"https:\/\/traduzca.com\/wp-content\/uploads\/2026\/01\/carousel-04-1024x683.jpg 1024w, https:\/\/traduzca.com\/wp-content\/uploads\/2026\/01\/carousel-04-300x200.jpg 300w, https:\/\/traduzca.com\/wp-content\/uploads\/2026\/01\/carousel-04-768x512.jpg 768w, https:\/\/traduzca.com\/wp-content\/uploads\/2026\/01\/carousel-04-1536x1024.jpg 1536w, https:\/\/traduzca.com\/wp-content\/uploads\/2026\/01\/carousel-04-2048x1366.jpg 2048w\" sizes=\"(max-width: 800px) 100vw, 800px\" \/>\t\t\t\t\t\t\t\t\t\t\t\t\t\t\t<\/div>\n\t\t\t\t<div class=\"elementor-element elementor-element-67e9f78 elementor-widget__width-initial elementor-widget elementor-widget-button\" data-id=\"67e9f78\" data-element_type=\"widget\" data-e-type=\"widget\" data-widget_type=\"button.default\">\n\t\t\t\t\t\t\t\t\t\t<a class=\"elementor-button elementor-button-link elementor-size-sm\" href=\"\/es\/home\/#form-orcamento-hero\">\n\t\t\t\t\t\t<span class=\"elementor-button-content-wrapper\">\n\t\t\t\t\t\t\t\t\t<span class=\"elementor-button-text\">PIDA UN PRESUPUESTO AHORA MISMO<\/span>\n\t\t\t\t\t<\/span>\n\t\t\t\t\t<\/a>\n\t\t\t\t\t\t\t\t<\/div>\n\t\t\t\t<\/div>\n\t\t<div class=\"elementor-element elementor-element-ad66230 e-con-full e-flex e-con e-child\" data-id=\"ad66230\" data-element_type=\"container\" data-e-type=\"container\">\n\t\t\t\t<div class=\"elementor-element elementor-element-af2840f elementor-widget elementor-widget-text-editor\" data-id=\"af2840f\" data-element_type=\"widget\" data-e-type=\"widget\" data-widget_type=\"text-editor.default\">\n\t\t\t\t\t\t\t\t\t<p>A tradu\u00e7\u00e3o juramentada em alem\u00e3o \u00e9 um servi\u00e7o essencial ao longo do processo para a obten\u00e7\u00e3o da cidadania alem\u00e3.\u00a0Na\u00a0Traduzca\u00a0voc\u00ea encontra\u00a0tradutor juramentado\u00a0do\u00a0alem\u00e3o para atender \u00e0 sua demanda com seguran\u00e7a e agilidade.<\/p>\n<p><strong>Quem tem direito \u00e0 cidadania alem\u00e3?<\/strong><br \/>A cidadania alem\u00e3 pode ser adquirida principalmente por descend\u00eancia (princ\u00edpio do\u00a0<em>jus sanguinis<\/em>), ou seja, filhos de cidad\u00e3os alem\u00e3es t\u00eam direito ao reconhecimento. Em alguns casos, netos e demais descendentes tamb\u00e9m podem ter direito, especialmente quando n\u00e3o houve perda formal da cidadania ao longo das gera\u00e7\u00f5es. Al\u00e9m disso, c\u00f4njuges de cidad\u00e3os alem\u00e3es podem solicitar a naturaliza\u00e7\u00e3o, desde que cumpram os requisitos legais, como tempo m\u00ednimo de resid\u00eancia e comprova\u00e7\u00e3o de integra\u00e7\u00e3o ao pa\u00eds.<\/p>\n<p><b>\u00bfC\u00f3mo es el proceso?<\/b><br \/>O processo pode ser realizado no Brasil, por meio do Consulado Alem\u00e3o respons\u00e1vel pela sua regi\u00e3o, ou diretamente na Alemanha, caso o requerente resida no pa\u00eds. A prepara\u00e7\u00e3o dos documentos e o tempo de an\u00e1lise variam conforme cada caso. No Brasil, o processo pode levar alguns anos, dependendo da demanda do consulado. J\u00e1 na Alemanha, quando o requerente j\u00e1 reside legalmente no pa\u00eds e cumpre os requisitos, o procedimento pode ser mais r\u00e1pido.<\/p>\n<p><b>\u00bfCu\u00e1les son los documentos necesarios?<br \/><\/b>Cada pedido de cidadania alem\u00e3 exige documenta\u00e7\u00e3o espec\u00edfica, que deve ser conferida detalhadamente no site oficial do Consulado ou da autoridade alem\u00e3 competente. Normalmente s\u00e3o solicitadas certid\u00f5es de nascimento, casamento, documentos que comprovem a linhagem alem\u00e3, passaportes, al\u00e9m de certificados de resid\u00eancia. A tradu\u00e7\u00e3o juramentada para o alem\u00e3o das certid\u00f5es brasileiras \u00e9 obrigat\u00f3ria para a an\u00e1lise do processo.<\/p>\n<p><strong>Quais s\u00e3o os passos para obten\u00e7\u00e3o da cidadania alem\u00e3?<\/strong><\/p>\n<ul>\n<li>\n<p>Realizar o requerimento junto ao Consulado Alem\u00e3o ou \u00e0 autoridade competente na Alemanha.<\/p>\n<\/li>\n<li>\n<p>Aguardar orienta\u00e7\u00f5es para apresenta\u00e7\u00e3o dos documentos necess\u00e1rios.<\/p>\n<\/li>\n<li>\n<p>Reunir e preparar as certid\u00f5es e demais documentos exigidos \u2014 etapa em que voc\u00ea pode contar com o servi\u00e7o de tradu\u00e7\u00e3o juramentada em alem\u00e3o da Traduzca.<\/p>\n<\/li>\n<li>\n<p><u><\/u><u><\/u>Protocolar o pedido e aguardar a an\u00e1lise das autoridades alem\u00e3s.<\/p>\n<\/li>\n<li>\n<p><u><\/u><u><\/u>Aguardar o retorno oficial para saber se o processo foi aprovado ou se h\u00e1 necessidade de complementa\u00e7\u00e3o ou corre\u00e7\u00e3o documental.<\/p>\n<\/li>\n<\/ul>\n<p>Com a concess\u00e3o da cidadania, \u00e9 poss\u00edvel solicitar o passaporte alem\u00e3o junto \u00e0 autoridade competente.<\/p>\n<p>\u00a0<\/p>\t\t\t\t\t\t\t\t<\/div>\n\t\t\t\t<\/div>\n\t\t\t\t<\/div>\n\t\t\t\t\t<\/div>\n\t\t\t\t<\/div>\n\t\t\t\t<\/div>","protected":false},"excerpt":{"rendered":"<p>Cidadania Alem\u00e3 PE\u00c7A UM OR\u00c7AMENTO AGORA A tradu\u00e7\u00e3o juramentada em alem\u00e3o \u00e9 um servi\u00e7o essencial ao longo do processo para a obten\u00e7\u00e3o da cidadania alem\u00e3.\u00a0Na\u00a0Traduzca\u00a0voc\u00ea encontra\u00a0tradutor juramentado\u00a0do\u00a0alem\u00e3o para atender \u00e0 sua demanda com seguran\u00e7a e agilidade. Quem tem direito \u00e0 cidadania alem\u00e3?A cidadania alem\u00e3 pode ser adquirida principalmente por descend\u00eancia (princ\u00edpio do\u00a0jus sanguinis), ou seja, [&hellip;]<\/p>","protected":false},"author":1,"featured_media":0,"parent":0,"menu_order":0,"comment_status":"closed","ping_status":"closed","template":"elementor_header_footer","meta":{"_acf_changed":false,"footnotes":""},"class_list":["post-799","page","type-page","status-publish","hentry"],"acf":[],"yoast_head":"<!-- This site is optimized with the Yoast SEO plugin v26.9 - https:\/\/yoast.com\/product\/yoast-seo-wordpress\/ -->\n<title>Cidadania Alem\u00e3 - Traduzca<\/title>\n<meta name=\"robots\" content=\"index, follow, max-snippet:-1, max-image-preview:large, max-video-preview:-1\" \/>\n<link rel=\"canonical\" href=\"https:\/\/traduzca.com\/es\/ciudadania-italiana\/\" \/>\n<meta property=\"og:locale\" content=\"es_ES\" \/>\n<meta property=\"og:type\" content=\"article\" \/>\n<meta property=\"og:title\" content=\"Cidadania Alem\u00e3 - Traduzca\" \/>\n<meta property=\"og:description\" content=\"Cidadania Alem\u00e3 PE\u00c7A UM OR\u00c7AMENTO AGORA A tradu\u00e7\u00e3o juramentada em alem\u00e3o \u00e9 um servi\u00e7o essencial ao longo do processo para a obten\u00e7\u00e3o da cidadania alem\u00e3.\u00a0Na\u00a0Traduzca\u00a0voc\u00ea encontra\u00a0tradutor juramentado\u00a0do\u00a0alem\u00e3o para atender \u00e0 sua demanda com seguran\u00e7a e agilidade. Quem tem direito \u00e0 cidadania alem\u00e3?A cidadania alem\u00e3 pode ser adquirida principalmente por descend\u00eancia (princ\u00edpio do\u00a0jus sanguinis), ou seja, [&hellip;]\" \/>\n<meta property=\"og:url\" content=\"https:\/\/traduzca.com\/es\/ciudadania-italiana\/\" \/>\n<meta property=\"og:site_name\" content=\"Traduzca\" \/>\n<meta property=\"article:publisher\" content=\"https:\/\/www.facebook.com\/traduzca\" \/>\n<meta property=\"article:modified_time\" content=\"2026-02-12T14:32:05+00:00\" \/>\n<meta property=\"og:image\" content=\"https:\/\/traduzca.com\/wp-content\/uploads\/2026\/01\/carousel-04-scaled.jpg\" \/>\n\t<meta property=\"og:image:width\" content=\"2560\" \/>\n\t<meta property=\"og:image:height\" content=\"1707\" \/>\n\t<meta property=\"og:image:type\" content=\"image\/jpeg\" \/>\n<meta name=\"twitter:card\" content=\"summary_large_image\" \/>\n<meta name=\"twitter:label1\" content=\"Est. reading time\" \/>\n\t<meta name=\"twitter:data1\" content=\"2 minutes\" \/>\n<script type=\"application\/ld+json\" class=\"yoast-schema-graph\">{\"@context\":\"https:\/\/schema.org\",\"@graph\":[{\"@type\":\"WebPage\",\"@id\":\"https:\/\/traduzca.com\/cidadania-italiana\/\",\"url\":\"https:\/\/traduzca.com\/cidadania-italiana\/\",\"name\":\"Cidadania Alem\u00e3 - Traduzca\",\"isPartOf\":{\"@id\":\"https:\/\/traduzca.com\/#website\"},\"primaryImageOfPage\":{\"@id\":\"https:\/\/traduzca.com\/cidadania-italiana\/#primaryimage\"},\"image\":{\"@id\":\"https:\/\/traduzca.com\/cidadania-italiana\/#primaryimage\"},\"thumbnailUrl\":\"https:\/\/traduzca.com\/wp-content\/uploads\/2026\/01\/carousel-04-1024x683.jpg\",\"datePublished\":\"2026-01-07T00:03:24+00:00\",\"dateModified\":\"2026-02-12T14:32:05+00:00\",\"breadcrumb\":{\"@id\":\"https:\/\/traduzca.com\/cidadania-italiana\/#breadcrumb\"},\"inLanguage\":\"es-ES\",\"potentialAction\":[{\"@type\":\"ReadAction\",\"target\":[\"https:\/\/traduzca.com\/cidadania-italiana\/\"]}]},{\"@type\":\"ImageObject\",\"inLanguage\":\"es-ES\",\"@id\":\"https:\/\/traduzca.com\/cidadania-italiana\/#primaryimage\",\"url\":\"https:\/\/traduzca.com\/wp-content\/uploads\/2026\/01\/carousel-04-1024x683.jpg\",\"contentUrl\":\"https:\/\/traduzca.com\/wp-content\/uploads\/2026\/01\/carousel-04-1024x683.jpg\"},{\"@type\":\"BreadcrumbList\",\"@id\":\"https:\/\/traduzca.com\/cidadania-italiana\/#breadcrumb\",\"itemListElement\":[{\"@type\":\"ListItem\",\"position\":1,\"name\":\"Home\",\"item\":\"https:\/\/traduzca.com\/\"},{\"@type\":\"ListItem\",\"position\":2,\"name\":\"Cidadania Alem\u00e3\"}]},{\"@type\":\"WebSite\",\"@id\":\"https:\/\/traduzca.com\/#website\",\"url\":\"https:\/\/traduzca.com\/\",\"name\":\"Traduzca\",\"description\":\"A Traduzca conecta voc\u00ea a tradutores nativos com expertise t\u00e9cnica. Qualidade, sigilo e pontualidade para romper as barreiras do seu neg\u00f3cio.\",\"publisher\":{\"@id\":\"https:\/\/traduzca.com\/#organization\"},\"potentialAction\":[{\"@type\":\"SearchAction\",\"target\":{\"@type\":\"EntryPoint\",\"urlTemplate\":\"https:\/\/traduzca.com\/?s={search_term_string}\"},\"query-input\":{\"@type\":\"PropertyValueSpecification\",\"valueRequired\":true,\"valueName\":\"search_term_string\"}}],\"inLanguage\":\"es-ES\"},{\"@type\":\"Organization\",\"@id\":\"https:\/\/traduzca.com\/#organization\",\"name\":\"Traduzca\",\"url\":\"https:\/\/traduzca.com\/\",\"logo\":{\"@type\":\"ImageObject\",\"inLanguage\":\"es-ES\",\"@id\":\"https:\/\/traduzca.com\/#\/schema\/logo\/image\/\",\"url\":\"https:\/\/traduzca.com\/wp-content\/uploads\/2026\/02\/cropped-favicon.png\",\"contentUrl\":\"https:\/\/traduzca.com\/wp-content\/uploads\/2026\/02\/cropped-favicon.png\",\"width\":97,\"height\":94,\"caption\":\"Traduzca\"},\"image\":{\"@id\":\"https:\/\/traduzca.com\/#\/schema\/logo\/image\/\"},\"sameAs\":[\"https:\/\/www.facebook.com\/traduzca\"]}]}<\/script>\n<!-- \/ Yoast SEO plugin. -->","yoast_head_json":{"title":"Cidadania Alem\u00e3 - Traduzca","robots":{"index":"index","follow":"follow","max-snippet":"max-snippet:-1","max-image-preview":"max-image-preview:large","max-video-preview":"max-video-preview:-1"},"canonical":"https:\/\/traduzca.com\/es\/ciudadania-italiana\/","og_locale":"es_ES","og_type":"article","og_title":"Cidadania Alem\u00e3 - Traduzca","og_description":"Cidadania Alem\u00e3 PE\u00c7A UM OR\u00c7AMENTO AGORA A tradu\u00e7\u00e3o juramentada em alem\u00e3o \u00e9 um servi\u00e7o essencial ao longo do processo para a obten\u00e7\u00e3o da cidadania alem\u00e3.\u00a0Na\u00a0Traduzca\u00a0voc\u00ea encontra\u00a0tradutor juramentado\u00a0do\u00a0alem\u00e3o para atender \u00e0 sua demanda com seguran\u00e7a e agilidade. Quem tem direito \u00e0 cidadania alem\u00e3?A cidadania alem\u00e3 pode ser adquirida principalmente por descend\u00eancia (princ\u00edpio do\u00a0jus sanguinis), ou seja, [&hellip;]","og_url":"https:\/\/traduzca.com\/es\/ciudadania-italiana\/","og_site_name":"Traduzca","article_publisher":"https:\/\/www.facebook.com\/traduzca","article_modified_time":"2026-02-12T14:32:05+00:00","og_image":[{"width":2560,"height":1707,"url":"https:\/\/traduzca.com\/wp-content\/uploads\/2026\/01\/carousel-04-scaled.jpg","type":"image\/jpeg"}],"twitter_card":"summary_large_image","twitter_misc":{"Est. reading time":"2 minutes"},"schema":{"@context":"https:\/\/schema.org","@graph":[{"@type":"WebPage","@id":"https:\/\/traduzca.com\/cidadania-italiana\/","url":"https:\/\/traduzca.com\/cidadania-italiana\/","name":"Cidadania Alem\u00e3 - Traduzca","isPartOf":{"@id":"https:\/\/traduzca.com\/#website"},"primaryImageOfPage":{"@id":"https:\/\/traduzca.com\/cidadania-italiana\/#primaryimage"},"image":{"@id":"https:\/\/traduzca.com\/cidadania-italiana\/#primaryimage"},"thumbnailUrl":"https:\/\/traduzca.com\/wp-content\/uploads\/2026\/01\/carousel-04-1024x683.jpg","datePublished":"2026-01-07T00:03:24+00:00","dateModified":"2026-02-12T14:32:05+00:00","breadcrumb":{"@id":"https:\/\/traduzca.com\/cidadania-italiana\/#breadcrumb"},"inLanguage":"es-ES","potentialAction":[{"@type":"ReadAction","target":["https:\/\/traduzca.com\/cidadania-italiana\/"]}]},{"@type":"ImageObject","inLanguage":"es-ES","@id":"https:\/\/traduzca.com\/cidadania-italiana\/#primaryimage","url":"https:\/\/traduzca.com\/wp-content\/uploads\/2026\/01\/carousel-04-1024x683.jpg","contentUrl":"https:\/\/traduzca.com\/wp-content\/uploads\/2026\/01\/carousel-04-1024x683.jpg"},{"@type":"BreadcrumbList","@id":"https:\/\/traduzca.com\/cidadania-italiana\/#breadcrumb","itemListElement":[{"@type":"ListItem","position":1,"name":"Home","item":"https:\/\/traduzca.com\/"},{"@type":"ListItem","position":2,"name":"Cidadania Alem\u00e3"}]},{"@type":"WebSite","@id":"https:\/\/traduzca.com\/#website","url":"https:\/\/traduzca.com\/","name":"Traduzca","description":"Traduzca lo conecta con traductores nativos con experiencia t\u00e9cnica. Calidad, confidencialidad y puntualidad para derribar las barreras de su negocio.","publisher":{"@id":"https:\/\/traduzca.com\/#organization"},"potentialAction":[{"@type":"SearchAction","target":{"@type":"EntryPoint","urlTemplate":"https:\/\/traduzca.com\/?s={search_term_string}"},"query-input":{"@type":"PropertyValueSpecification","valueRequired":true,"valueName":"search_term_string"}}],"inLanguage":"es-ES"},{"@type":"Organization","@id":"https:\/\/traduzca.com\/#organization","name":"Traduzca","url":"https:\/\/traduzca.com\/","logo":{"@type":"ImageObject","inLanguage":"es-ES","@id":"https:\/\/traduzca.com\/#\/schema\/logo\/image\/","url":"https:\/\/traduzca.com\/wp-content\/uploads\/2026\/02\/cropped-favicon.png","contentUrl":"https:\/\/traduzca.com\/wp-content\/uploads\/2026\/02\/cropped-favicon.png","width":97,"height":94,"caption":"Traduzca"},"image":{"@id":"https:\/\/traduzca.com\/#\/schema\/logo\/image\/"},"sameAs":["https:\/\/www.facebook.com\/traduzca"]}]}},"_links":{"self":[{"href":"https:\/\/traduzca.com\/es\/wp-json\/wp\/v2\/pages\/799","targetHints":{"allow":["GET"]}}],"collection":[{"href":"https:\/\/traduzca.com\/es\/wp-json\/wp\/v2\/pages"}],"about":[{"href":"https:\/\/traduzca.com\/es\/wp-json\/wp\/v2\/types\/page"}],"author":[{"embeddable":true,"href":"https:\/\/traduzca.com\/es\/wp-json\/wp\/v2\/users\/1"}],"replies":[{"embeddable":true,"href":"https:\/\/traduzca.com\/es\/wp-json\/wp\/v2\/comments?post=799"}],"version-history":[{"count":29,"href":"https:\/\/traduzca.com\/es\/wp-json\/wp\/v2\/pages\/799\/revisions"}],"predecessor-version":[{"id":2339,"href":"https:\/\/traduzca.com\/es\/wp-json\/wp\/v2\/pages\/799\/revisions\/2339"}],"wp:attachment":[{"href":"https:\/\/traduzca.com\/es\/wp-json\/wp\/v2\/media?parent=799"}],"curies":[{"name":"wp","href":"https:\/\/api.w.org\/{rel}","templated":true}]}}